{"id":121,"date":"2016-03-11T15:32:36","date_gmt":"2016-03-11T14:32:36","guid":{"rendered":"http:\/\/www.spzwb.il.pw.edu.pl\/?page_id=121"},"modified":"2025-07-03T15:08:24","modified_gmt":"2025-07-03T13:08:24","slug":"akredytacja-studiow","status":"publish","type":"page","link":"https:\/\/www.spzwb.il.pw.edu.pl\/index.php\/akredytacja-studiow\/","title":{"rendered":"Akredytacja studi\u00f3w"},"content":{"rendered":"<p>Studia Podyplomowe Zarz\u0105dzanie w Budownictwie s\u0105 akredytowane przez:<\/p>\n<p><a href=\"http:\/\/www.rics.org\" target=\"_blank\" rel=\"noopener\">Royal Institution of Chartered Surveyors<\/a><\/p>\n<p><img loading=\"lazy\" decoding=\"async\" class=\"alignnone wp-image-419\" src=\"http:\/\/www.spzwb.il.pw.edu.pl\/wp-content\/uploads\/2016\/03\/RICS-\u00ab-R-AccreditedCourse-Logo.jpg\" alt=\"\" width=\"127\" height=\"126\" \/><\/p>\n<p><a href=\"http:\/\/www.psmb.pl\" target=\"_blank\" rel=\"noopener\">Polskie Stowarzyszenie Mened\u017cer\u00f3w Budownictwa<\/a><\/p>\n<p><a href=\"http:\/\/www.psmb.pl\"><img loading=\"lazy\" decoding=\"async\" class=\"alignnone wp-image-124\" src=\"http:\/\/www.spzwb.il.pw.edu.pl\/wp-content\/uploads\/2016\/03\/logo-PSMB-z-bialym-tlem.gif\" alt=\"logo-PSMB-z-bialym-tlem\" width=\"137\" height=\"106\" \/><\/a><\/p>\n<p><a href=\"https:\/\/pmegzamin.ipma.pl\/\">International Project Management Association &#8211; PM Student<\/a><\/p>\n<p><img loading=\"lazy\" decoding=\"async\" class=\"alignnone  wp-image-1453\" src=\"http:\/\/www.spzwb.il.pw.edu.pl\/wp-content\/uploads\/2025\/07\/PM-Student-217x300.png\" alt=\"\" width=\"119\" height=\"165\" srcset=\"https:\/\/www.spzwb.il.pw.edu.pl\/wp-content\/uploads\/2025\/07\/PM-Student-217x300.png 217w, https:\/\/www.spzwb.il.pw.edu.pl\/wp-content\/uploads\/2025\/07\/PM-Student.png 256w\" sizes=\"auto, (max-width: 119px) 100vw, 119px\" \/><\/p>\n<p>&nbsp;<\/p>\n<p>Absolwenci studium opr\u00f3cz dyplomu uko\u0144czenia Studi\u00f3w Podyplomowych PW (na warunkach podanych w regulaminie) uzyskaj\u0105 za\u015bwiadczenie uko\u0144czenia studi\u00f3w wydawane przez Polskie Stowarzyszenie Mened\u017cer\u00f3w Budownictwa.<\/p>\n<p>Za\u015bwiadczenie uprawnia do skorzystania z uproszczonych procedur otrzymania cz\u0142onkostwa PSMB.<\/p>\n<p>&nbsp;<\/p>\n<p>Akredytacja umo\u017cliwia studentom przyst\u0105pienie do egzaminu PM Student, na specjalnych warunkach uj\u0119tych w porozumieniu IPMA &#8211; WIL PW. Do egzaminu certyfikacyjnego przyst\u0105pi\u0107 mog\u0105 studenci lub absolwenci (po warunkiem przyst\u0105pienia do egzaminu PM Student: nie p\u00f3\u017aniej ni\u017c rok od daty uzyskania dyplomu).<\/p>\n<p>Mi\u0119dzynarodowy system certyfikacji IPMA 4-L-C jest powszechnie rozpoznawany i stosowany przez wiele firm w procesach rekrutacji pracownik\u00f3w, budowania \u015bcie\u017cek rozwoju pracownik\u00f3w i doskonalenia dojrza\u0142o\u015bci projektowej organizacji.<\/p>\n<p>Certyfikat IPMA-Student stanowi z jednej strony podsumowanie akademickiej edukacji w zakresie zarz\u0105dzania projektami, z drugiej &#8211; obiektywne i rozpoznawalne przez pracodawc\u00f3w \u015bwiadectwo posiadanych kwalifikacji, kwalifikacji kt\u00f3re s\u0105 uniwersalne, niezale\u017cne od bran\u017cy.<\/p>\n<p>&nbsp;<\/p>\n<p>Po uko\u0144czeniu studi\u00f3w mo\u017cliwe jest tak\u017ce uzyskanie certyfikatu <a href=\"https:\/\/www.psmb.pl\/www2\/eurbe\/\" target=\"_blank\" rel=\"noopener\">EurBE <\/a>uznaj\u0105cego kwalifikacje mened\u017cerskie w uj\u0119ciu europejskim.<\/p>\n","protected":false},"excerpt":{"rendered":"<p>Studia Podyplomowe Zarz\u0105dzanie w Budownictwie s\u0105 akredytowane przez: Royal Institution of Chartered Surveyors Polskie Stowarzyszenie Mened\u017cer\u00f3w Budownictwa International Project Management Association &#8211; PM Student &nbsp; Absolwenci studium opr\u00f3cz dyplomu uko\u0144czenia Studi\u00f3w Podyplomowych PW (na warunkach podanych w regulaminie) uzyskaj\u0105 za\u015bwiadczenie uko\u0144czenia studi\u00f3w wydawane przez Polskie Stowarzyszenie Mened\u017cer\u00f3w Budownictwa. Za\u015bwiadczenie uprawnia do skorzystania z uproszczonych procedur [&hellip;]<\/p>\n","protected":false},"author":1,"featured_media":0,"parent":0,"menu_order":0,"comment_status":"closed","ping_status":"closed","template":"","meta":{"footnotes":""},"class_list":["post-121","page","type-page","status-publish","hentry"],"_links":{"self":[{"href":"https:\/\/www.spzwb.il.pw.edu.pl\/index.php\/wp-json\/wp\/v2\/pages\/121","targetHints":{"allow":["GET"]}}],"collection":[{"href":"https:\/\/www.spzwb.il.pw.edu.pl\/index.php\/wp-json\/wp\/v2\/pages"}],"about":[{"href":"https:\/\/www.spzwb.il.pw.edu.pl\/index.php\/wp-json\/wp\/v2\/types\/page"}],"author":[{"embeddable":true,"href":"https:\/\/www.spzwb.il.pw.edu.pl\/index.php\/wp-json\/wp\/v2\/users\/1"}],"replies":[{"embeddable":true,"href":"https:\/\/www.spzwb.il.pw.edu.pl\/index.php\/wp-json\/wp\/v2\/comments?post=121"}],"version-history":[{"count":11,"href":"https:\/\/www.spzwb.il.pw.edu.pl\/index.php\/wp-json\/wp\/v2\/pages\/121\/revisions"}],"predecessor-version":[{"id":1455,"href":"https:\/\/www.spzwb.il.pw.edu.pl\/index.php\/wp-json\/wp\/v2\/pages\/121\/revisions\/1455"}],"wp:attachment":[{"href":"https:\/\/www.spzwb.il.pw.edu.pl\/index.php\/wp-json\/wp\/v2\/media?parent=121"}],"curies":[{"name":"wp","href":"https:\/\/api.w.org\/{rel}","templated":true}]}}