{"id":13,"date":"2016-03-09T16:39:48","date_gmt":"2016-03-09T15:39:48","guid":{"rendered":"http:\/\/www.spzwb.il.pw.edu.pl\/?page_id=13"},"modified":"2024-12-06T15:28:52","modified_gmt":"2024-12-06T14:28:52","slug":"kontakt","status":"publish","type":"page","link":"https:\/\/www.spzwb.il.pw.edu.pl\/index.php\/kontakt\/","title":{"rendered":"Kontakt"},"content":{"rendered":"<dl>\n<dt><\/dt>\n<dt>Kierownik<\/dt>\n<dd>dr in\u017c. Pawe\u0142 Nowak<\/dd>\n<\/dl>\n<dl>\n<dt><\/dt>\n<dt><\/dt>\n<dt>Mened\u017cer<\/dt>\n<dd>dr hab. in\u017c. Micha\u0142 Krzemi\u0144ski, prof. PW<\/dd>\n<dt><\/dt>\n<dt>Asystent<\/dt>\n<dd>dr in\u017c. Jerzy Ros\u0142on<\/dd>\n<dt><\/dt>\n<dt>Sekretariat<\/dt>\n<dd>mgr in\u017c. Marta Paska\u00a0 (+48 22 234 5361)<\/dd>\n<dt>Faktury<\/dt>\n<dd>Zapytania odno\u015bnie wystawiania faktur VAT prosimy kierowa\u0107 na adres e-mail: anna.blaszczyk@pw.edu.pl<\/dd>\n<\/dl>\n<dl>\n<dt><\/dt>\n<dt><\/dt>\n<dt>Adres<\/dt>\n<dd>00-637 Warszawa, ul. Armii Ludowej 16<br \/>\nPok\u00f3j 520 \/ 515<br \/>\ne-mail: <a href=\"mailto:spzwb.wil@pw.edu.pl\" target=\"_self\" rel=\"noopener noreferrer\">spzwb.wil@pw.edu.pl<\/a><\/dd>\n<\/dl>\n<dl>\n<dt><\/dt>\n<dt>WWW<\/dt>\n<dd><a href=\"http:\/\/www.spzwb.il.pw.edu.pl\">http:\/\/www.spzwb.il.pw.edu.pl<\/a><\/dd>\n<\/dl>\n","protected":false},"excerpt":{"rendered":"<p>Kierownik dr in\u017c. Pawe\u0142 Nowak Mened\u017cer dr hab. in\u017c. Micha\u0142 Krzemi\u0144ski, prof. PW Asystent dr in\u017c. Jerzy Ros\u0142on Sekretariat mgr in\u017c. Marta Paska\u00a0 (+48 22 234 5361) Faktury Zapytania odno\u015bnie wystawiania faktur VAT prosimy kierowa\u0107 na adres e-mail: anna.blaszczyk@pw.edu.pl Adres 00-637 Warszawa, ul. Armii Ludowej 16 Pok\u00f3j 520 \/ 515 e-mail: spzwb.wil@pw.edu.pl WWW http:\/\/www.spzwb.il.pw.edu.pl<\/p>\n","protected":false},"author":1,"featured_media":0,"parent":0,"menu_order":0,"comment_status":"closed","ping_status":"closed","template":"","meta":{"footnotes":""},"class_list":["post-13","page","type-page","status-publish","hentry"],"_links":{"self":[{"href":"https:\/\/www.spzwb.il.pw.edu.pl\/index.php\/wp-json\/wp\/v2\/pages\/13","targetHints":{"allow":["GET"]}}],"collection":[{"href":"https:\/\/www.spzwb.il.pw.edu.pl\/index.php\/wp-json\/wp\/v2\/pages"}],"about":[{"href":"https:\/\/www.spzwb.il.pw.edu.pl\/index.php\/wp-json\/wp\/v2\/types\/page"}],"author":[{"embeddable":true,"href":"https:\/\/www.spzwb.il.pw.edu.pl\/index.php\/wp-json\/wp\/v2\/users\/1"}],"replies":[{"embeddable":true,"href":"https:\/\/www.spzwb.il.pw.edu.pl\/index.php\/wp-json\/wp\/v2\/comments?post=13"}],"version-history":[{"count":19,"href":"https:\/\/www.spzwb.il.pw.edu.pl\/index.php\/wp-json\/wp\/v2\/pages\/13\/revisions"}],"predecessor-version":[{"id":1420,"href":"https:\/\/www.spzwb.il.pw.edu.pl\/index.php\/wp-json\/wp\/v2\/pages\/13\/revisions\/1420"}],"wp:attachment":[{"href":"https:\/\/www.spzwb.il.pw.edu.pl\/index.php\/wp-json\/wp\/v2\/media?parent=13"}],"curies":[{"name":"wp","href":"https:\/\/api.w.org\/{rel}","templated":true}]}}