{"id":2,"date":"2016-03-08T18:35:52","date_gmt":"2016-03-08T17:35:52","guid":{"rendered":"http:\/\/www.spzwb.il.pw.edu.pl\/?page_id=2"},"modified":"2025-11-22T11:27:44","modified_gmt":"2025-11-22T10:27:44","slug":"przykladowa-strona","status":"publish","type":"page","link":"https:\/\/www.spzwb.il.pw.edu.pl\/","title":{"rendered":"Strona g\u0142\u00f3wna"},"content":{"rendered":"<p>Studia Podyplomowe Zarz\u0105dzanie w Budownictwie organizowane s\u0105 przez Zak\u0142ad In\u017cynierii Produkcji i Zarz\u0105dzania w Budownictwie na Wydziale In\u017cynierii L\u0105dowej Politechniki Warszawskiej. Studia uzupe\u0142niaj\u0105 wiedz\u0119 techniczn\u0105 in\u017cynier\u00f3w budownictwa o kwalifikacje niezb\u0119dne do prowadzenia dzia\u0142alno\u015bci gospodarczej na rynku inwestycyjno-budowlanym. Zakres tematyczny studi\u00f3w obejmuje nast\u0119puj\u0105ce zagadnienia z obszaru zarz\u0105dzania przedsi\u0119biorstwem budowlanym:<\/p>\n<ul>\n<li>podstawy ekonomii w\u00a0budownictwie,<\/li>\n<li>prawo gospodarcze w\u00a0dzia\u0142alno\u015bci inwestycyjno-budowlanej,<\/li>\n<li>podstawy organizacji i\u00a0zarz\u0105dzania w\u00a0budownictwie,<\/li>\n<li>marketing w\u00a0budownictwie,<\/li>\n<li>zarz\u0105dzanie potencja\u0142em ludzkim,<\/li>\n<li>zarz\u0105dzanie finansami w\u00a0dzia\u0142alno\u015bci gospodarczej budownictwa,<\/li>\n<li>zarz\u0105dzanie ryzykiem w\u00a0projektach inwestycyjnych,<\/li>\n<li>przetargi na\u00a0us\u0142ugi budowlane,<\/li>\n<li>negocjowanie i\u00a0zawieranie kontrakt\u00f3w,<\/li>\n<li>przygotowanie proces\u00f3w realizacji budowy,<\/li>\n<li>sterowanie przebiegiem realizacji budowy,<\/li>\n<li>bezpiecze\u0144stwo pracy w\u00a0budownictwie.<\/li>\n<\/ul>\n<p>Adresatami studi\u00f3w s\u0105 absolwenci studi\u00f3w kierunku budownictwo, oraz pokrewnych: architektura, transport, in\u017cynieria \u015brodowiska, a tak\u017ce kierunk\u00f3w ekonomicznych, finansowych i prawnych.<\/p>\n<p>Absolwenci studi\u00f3w opr\u00f3cz nowej wiedzy uzyskaj\u0105: dyplom uko\u0144czenia Studi\u00f3w Podyplomowych Politechniki Warszawskiej (na warunkach podanych w regulaminie) oraz za\u015bwiadczenie uko\u0144czenia studi\u00f3w wydawane przez polsk\u0105 organizacj\u0119 akredytuj\u0105c\u0105 &#8211; <strong>Polskie Stowarzyszenie Mened\u017cer\u00f3w Budownictwa (PSMB)<\/strong> <a href=\"http:\/\/www.psmb.pl\/\" target=\"_self\" rel=\"noopener noreferrer\">www.psmb.pl<\/a>.<\/p>\n<p>Od 2017 studia s\u0105 akredytowane przez mi\u0119dzynarodow\u0105 organizacj\u0119 &#8211; <strong>Royal Institution of Chartered Surveyors (RICS) <\/strong><a href=\"http:\/\/www.rics.org\" target=\"_blank\" rel=\"noopener noreferrer\">www.rics.org.<\/a><\/p>\n<p>Od 2018 studia s\u0105 akredytowane przez mi\u0119dzynarodow\u0105 organizacj\u0119 &#8211; <strong>International Project Management Association (IPMA-Student, obecnie PM Student) <\/strong><a href=\"https:\/\/pmegzamin.ipma.pl\/\">www.ipma.pl<\/a><cite class=\"iUh30\"><\/cite><\/p>\n<p>&nbsp;<\/p>\n<p><img loading=\"lazy\" decoding=\"async\" class=\"size-medium wp-image-1449 aligncenter\" src=\"http:\/\/www.spzwb.il.pw.edu.pl\/wp-content\/uploads\/2025\/07\/cert-300x111.png\" alt=\"\" width=\"300\" height=\"111\" srcset=\"https:\/\/www.spzwb.il.pw.edu.pl\/wp-content\/uploads\/2025\/07\/cert-300x111.png 300w, https:\/\/www.spzwb.il.pw.edu.pl\/wp-content\/uploads\/2025\/07\/cert-768x284.png 768w, https:\/\/www.spzwb.il.pw.edu.pl\/wp-content\/uploads\/2025\/07\/cert.png 932w\" sizes=\"auto, (max-width: 300px) 100vw, 300px\" \/><\/p>\n","protected":false},"excerpt":{"rendered":"<p>Studia Podyplomowe Zarz\u0105dzanie w Budownictwie organizowane s\u0105 przez Zak\u0142ad In\u017cynierii Produkcji i Zarz\u0105dzania w Budownictwie na Wydziale In\u017cynierii L\u0105dowej Politechniki Warszawskiej. Studia uzupe\u0142niaj\u0105 wiedz\u0119 techniczn\u0105 in\u017cynier\u00f3w budownictwa o kwalifikacje niezb\u0119dne do prowadzenia dzia\u0142alno\u015bci gospodarczej na rynku inwestycyjno-budowlanym. Zakres tematyczny studi\u00f3w obejmuje nast\u0119puj\u0105ce zagadnienia z obszaru zarz\u0105dzania przedsi\u0119biorstwem budowlanym: podstawy ekonomii w\u00a0budownictwie, prawo gospodarcze w\u00a0dzia\u0142alno\u015bci inwestycyjno-budowlanej, [&hellip;]<\/p>\n","protected":false},"author":1,"featured_media":0,"parent":0,"menu_order":0,"comment_status":"closed","ping_status":"closed","template":"","meta":{"footnotes":""},"class_list":["post-2","page","type-page","status-publish","hentry"],"_links":{"self":[{"href":"https:\/\/www.spzwb.il.pw.edu.pl\/index.php\/wp-json\/wp\/v2\/pages\/2","targetHints":{"allow":["GET"]}}],"collection":[{"href":"https:\/\/www.spzwb.il.pw.edu.pl\/index.php\/wp-json\/wp\/v2\/pages"}],"about":[{"href":"https:\/\/www.spzwb.il.pw.edu.pl\/index.php\/wp-json\/wp\/v2\/types\/page"}],"author":[{"embeddable":true,"href":"https:\/\/www.spzwb.il.pw.edu.pl\/index.php\/wp-json\/wp\/v2\/users\/1"}],"replies":[{"embeddable":true,"href":"https:\/\/www.spzwb.il.pw.edu.pl\/index.php\/wp-json\/wp\/v2\/comments?post=2"}],"version-history":[{"count":16,"href":"https:\/\/www.spzwb.il.pw.edu.pl\/index.php\/wp-json\/wp\/v2\/pages\/2\/revisions"}],"predecessor-version":[{"id":1456,"href":"https:\/\/www.spzwb.il.pw.edu.pl\/index.php\/wp-json\/wp\/v2\/pages\/2\/revisions\/1456"}],"wp:attachment":[{"href":"https:\/\/www.spzwb.il.pw.edu.pl\/index.php\/wp-json\/wp\/v2\/media?parent=2"}],"curies":[{"name":"wp","href":"https:\/\/api.w.org\/{rel}","templated":true}]}}