{"id":5,"date":"2016-03-09T16:38:55","date_gmt":"2016-03-09T15:38:55","guid":{"rendered":"http:\/\/www.spzwb.il.pw.edu.pl\/?page_id=5"},"modified":"2025-07-03T15:09:14","modified_gmt":"2025-07-03T13:09:14","slug":"o-studiach","status":"publish","type":"page","link":"https:\/\/www.spzwb.il.pw.edu.pl\/index.php\/o-studiach\/","title":{"rendered":"O studiach \/ Organizatorzy"},"content":{"rendered":"<dl>\n<dt><\/dt>\n<dt>Edycja XIX (rok 2025) &#8211; nab\u00f3r trwa, studia odb\u0119d\u0105 si\u0119 w formule stacjonarnej<\/dt>\n<dt><\/dt>\n<dt><\/dt>\n<\/dl>\n<dl>\n<dt><\/dt>\n<dt><\/dt>\n<dt>Organizator<\/dt>\n<dd>Wydzia\u0142 In\u017cynierii L\u0105dowej &#8211; Zak\u0142ad In\u017cynierii Produkcji i Zarz\u0105dzania w Budownictwie<\/dd>\n<\/dl>\n<p>Adres<\/p>\n<p>00-637 Warszawa, ul. Armii Ludowej 16<br \/>\nPok\u00f3j 520<br \/>\ne-mail: <a href=\"mailto:spzwbwil@il.pw.edu.pl\" target=\"_self\" rel=\"noopener noreferrer\">spzwb.wil@pw.edu.pl<\/a><\/p>\n<p><a href=\"http:\/\/www.spzwb.il.pw.edu.pl\">http:\/\/www.spzwb.il.pw.edu.pl<\/a><\/p>\n<dl>\n<dt><\/dt>\n<dt>Kierownik<\/dt>\n<dd>dr in\u017c. Pawe\u0142 Nowak<\/dd>\n<dt>Mened\u017cer<\/dt>\n<dd>dr hab. in\u017c. Micha\u0142 Krzemi\u0144ski, prof. ucz.<\/dd>\n<dt>Asystent<\/dt>\n<dd>dr in\u017c. Jerzy Ras\u0142on<\/dd>\n<dt>Sekretariat<\/dt>\n<dd>mgr in\u017c. Marta Paska &#8211; Ob\u0142oza<\/dd>\n<dd><a href=\"http:\/\/www.spzwb.il.pw.edu.pl\/wp-content\/uploads\/2023\/01\/ORGANIZATORZY-notki-biograficzne.pdf\">Notki biograficzne organizator\u00f3w<\/a><\/dd>\n<dd><\/dd>\n<dd><\/dd>\n<dd><\/dd>\n<\/dl>\n<dl>\n<dt><\/dt>\n<dt>Charakterystyka<\/dt>\n<dd>Studia uzupe\u0142niaj\u0105 wiedz\u0119 techniczn\u0105 in\u017cynier\u00f3w budownictwa o kwalifikacje niezb\u0119dne do prowadzenia dzia\u0142alno\u015bci gospodarczej na rynku inwestycyjno-budowlanym.<\/p>\n<p>Zakres tematyczny studi\u00f3w obejmuje nast\u0119puj\u0105ce zagadnienia z obszaru zarz\u0105dzania przedsi\u0119biorstwem budowlanym, w tym:<\/p>\n<ul>\n<li>Podstawy ekonomii w budownictwie<\/li>\n<li>Prawo gospodarcze w dzia\u0142alno\u015bci inwestycyjno-budowlanej<\/li>\n<li>Podstawy organizacji i zarz\u0105dzania w budownictwie<\/li>\n<li>Marketing w budownictwie<\/li>\n<li>Zarz\u0105dzanie potencja\u0142em ludzkim<\/li>\n<li>Zarz\u0105dzanie finansami w dzia\u0142alno\u015bci gospodarczej budownictwa<\/li>\n<li>Zarz\u0105dzanie ryzykiem w projektach inwestycyjnych<\/li>\n<li>Przetargi na us\u0142ugi budowlane<\/li>\n<li>Negocjowanie i zawieranie kontrakt\u00f3w<\/li>\n<li>Przygotowanie proces\u00f3w realizacji budowy<\/li>\n<li>Sterowanie przebiegiem realizacji budowy<\/li>\n<li>Bezpiecze\u0144stwo pracy w budownictwie<\/li>\n<\/ul>\n<\/dd>\n<\/dl>\n<dl>\n<dt><\/dt>\n<dt>Czas trwania<\/dt>\n<dd>kwiecie\u0144 &#8211; grudzie\u0144<\/dd>\n<\/dl>\n<dl>\n<dt><\/dt>\n<dt>Zasady naboru<\/dt>\n<dd>Nab\u00f3r kandydat\u00f3w z wykszta\u0142ceniem wy\u017cszym (absolwenci studi\u00f3w I i II stopnia kierunku budownictwo lub pokrewnego), <span style=\"color: #ff0000;\"><em><strong>wed\u0142ug kolejno\u015bci przekazania <\/strong><\/em><\/span><span style=\"color: #3366ff;\"><em><strong><a style=\"color: #3366ff;\" href=\"https:\/\/irk.pw.edu.pl\/pl\/\">wniosku z systemu IRK<\/a><\/strong><\/em><\/span><span style=\"color: #ff0000;\"><em><strong>, a nast\u0119pnie po dostarczenia orygina\u0142\u00f3w podpisanych dokument\u00f3w aplikacyjnych do Sekretariatu Studi\u00f3w<\/strong><\/em><\/span>, przed rozpocz\u0119ciem\u00a0 danej edycji studi\u00f3w.<\/dd>\n<\/dl>\n<dl>\n<dt><\/dt>\n<dt>Op\u0142aty<\/dt>\n<dd>Wysoko\u015b\u0107 op\u0142aty (pe\u0142nej) za RA 2024\/2025, edycja XIX, wynosi 11800,00 z\u0142 (decyzja nr 130\/2024 z dnia 13 czerwca 2024 Rektora PW,\u00a0 uwzgl\u0119dniaj\u0105ca inflacj\u0119 w 2024 r.).<\/dd>\n<\/dl>\n<dl>\n<dt><\/dt>\n<dt>Dodatkowe informacje<\/dt>\n<dd>Absolwenci studium uzyskaj\u0105: dyplom uko\u0144czenia Studi\u00f3w Podyplomowych PW (na warunkach podanych w <a href=\"https:\/\/chmura.il.pw.edu.pl\/index.php\/s\/PpK5wRWmRNYmqmA\">regulaminach studi\u00f3w oraz studi\u00f3w podyplomowych na PW<\/a>, bez pisania pracy dyplomowej, z egzaminem dyplomowym na zako\u0144czenie) oraz za\u015bwiadczenie uko\u0144czenia studi\u00f3w wydawane przez <strong>Polskie Stowarzyszenie Mened\u017cer\u00f3w Budownictwa<\/strong> <a href=\"http:\/\/www.psmb.pl\/\" target=\"_self\" rel=\"noopener noreferrer\">www.psmb.pl<\/a>. (akredytacja od 2007 roku).<\/p>\n<p>Od 2017 studia s\u0105 akredytowane przez mi\u0119dzynarodow\u0105 organizacj\u0119 &#8211; <strong>Royal Institution of Chartered Surveyors (RICS) <\/strong><a href=\"http:\/\/www.rics.org\" target=\"_blank\" rel=\"noopener noreferrer\">www.rics.org.<\/a><\/p>\n<p>Od 2018 studia s\u0105 akredytowane przez mi\u0119dzynarodow\u0105 organizacj\u0119 &#8211; <strong>International Project Management Association (IPMA-Student, obecnie PM Student) <\/strong><a href=\"https:\/\/pmegzamin.ipma.pl\/\">www.ipma.pl<\/a><\/p>\n<p>Zapraszamy do zapyta\u0144 mailowych.<\/dd>\n<\/dl>\n","protected":false},"excerpt":{"rendered":"<p>Edycja XIX (rok 2025) &#8211; nab\u00f3r trwa, studia odb\u0119d\u0105 si\u0119 w formule stacjonarnej Organizator Wydzia\u0142 In\u017cynierii L\u0105dowej &#8211; Zak\u0142ad In\u017cynierii Produkcji i Zarz\u0105dzania w Budownictwie Adres 00-637 Warszawa, ul. Armii Ludowej 16 Pok\u00f3j 520 e-mail: spzwb.wil@pw.edu.pl http:\/\/www.spzwb.il.pw.edu.pl Kierownik dr in\u017c. Pawe\u0142 Nowak Mened\u017cer dr hab. in\u017c. Micha\u0142 Krzemi\u0144ski, prof. ucz. Asystent dr in\u017c. Jerzy Ras\u0142on [&hellip;]<\/p>\n","protected":false},"author":1,"featured_media":0,"parent":0,"menu_order":0,"comment_status":"closed","ping_status":"closed","template":"","meta":{"footnotes":""},"class_list":["post-5","page","type-page","status-publish","hentry"],"_links":{"self":[{"href":"https:\/\/www.spzwb.il.pw.edu.pl\/index.php\/wp-json\/wp\/v2\/pages\/5","targetHints":{"allow":["GET"]}}],"collection":[{"href":"https:\/\/www.spzwb.il.pw.edu.pl\/index.php\/wp-json\/wp\/v2\/pages"}],"about":[{"href":"https:\/\/www.spzwb.il.pw.edu.pl\/index.php\/wp-json\/wp\/v2\/types\/page"}],"author":[{"embeddable":true,"href":"https:\/\/www.spzwb.il.pw.edu.pl\/index.php\/wp-json\/wp\/v2\/users\/1"}],"replies":[{"embeddable":true,"href":"https:\/\/www.spzwb.il.pw.edu.pl\/index.php\/wp-json\/wp\/v2\/comments?post=5"}],"version-history":[{"count":41,"href":"https:\/\/www.spzwb.il.pw.edu.pl\/index.php\/wp-json\/wp\/v2\/pages\/5\/revisions"}],"predecessor-version":[{"id":1457,"href":"https:\/\/www.spzwb.il.pw.edu.pl\/index.php\/wp-json\/wp\/v2\/pages\/5\/revisions\/1457"}],"wp:attachment":[{"href":"https:\/\/www.spzwb.il.pw.edu.pl\/index.php\/wp-json\/wp\/v2\/media?parent=5"}],"curies":[{"name":"wp","href":"https:\/\/api.w.org\/{rel}","templated":true}]}}