{"id":9,"date":"2016-04-23T19:34:22","date_gmt":"2016-04-23T17:34:22","guid":{"rendered":"http:\/\/www.spzwb.il.pw.edu.pl\/?page_id=9"},"modified":"2025-12-06T11:47:37","modified_gmt":"2025-12-06T10:47:37","slug":"rekrutacja","status":"publish","type":"page","link":"https:\/\/www.spzwb.il.pw.edu.pl\/index.php\/rekrutacja\/","title":{"rendered":"Rekrutacja"},"content":{"rendered":"<p><span style=\"color: #ff0000;\"><strong><span style=\"color: #000000;\">SZANOWNI\u00a0 PA\u0143STWO,<\/span><br \/>\n<\/strong><\/span><\/p>\n<p><strong><span style=\"color: #000000;\">Uprzejmie prosimy o zg\u0142oszenia mejlem oraz rekrutacj\u0119 na edycj\u0119 XX rok 2026<\/span> z wykorzystaniem dokument\u00f3w <\/strong><strong>z <a href=\"http:\/\/www.spzwb.il.pw.edu.pl\/wp-content\/uploads\/2025\/12\/Pakiet-informacyjny-2026.zip\">PAKIETU INFORMACYJNEGO* (link do dokument\u00f3w NA ROK 2026). <\/a><\/strong><span style=\"color: #000000;\"><br \/>\n<\/span><\/p>\n<p><em>* wzory um\u00f3w indywidualnych w pakiecie &#8211; do wgl\u0105du, umowy s\u0105 generowane w systemie USOS po rejestracji i przyj\u0119ciu na studia (umowy tr\u00f3jstronne oraz na dzia\u0142alno\u015b\u0107 gospodarcz\u0105 nale\u017cy pobra\u0107 z pakietu)<\/em><\/p>\n<p><em>** u\u017cytkownicy przegl\u0105darki Chrome: klikn\u0105\u0107 na linku prawym przyciskiem myszy i wybra\u0107 opcj\u0119 Zapisz link jako&#8230;<\/em><\/p>\n<p><span style=\"color: #000000;\"><strong>UWAGA &#8211; rozpocz\u0119cie rekrutacji na rok 2026 jest ju\u017c uruchomione (pierwszy zjazd studi\u00f3w w kwietniu 2026).<\/strong><\/span><\/p>\n<p><strong>UWAGA &#8211; studia w 2026 roku odb\u0119d\u0105 si\u0119 w formule<\/strong><strong> wy\u0142\u0105cznie STACJONARNEJ.<br \/>\n<\/strong><\/p>\n<dl>\n<dd>REKRUTACJA W SYSTEMIE ELEKTRONICZNYM PW POZWOLI PA\u0143STWU WYGENEROWA\u0106 WNIOSEK ZG\u0141OSZENIOWY. <strong><br \/>\n<\/strong><\/dd>\n<\/dl>\n<p><span style=\"color: #ff0000;\"><strong><span style=\"color: #000000;\">SYSTEM ELEKTRONICZNY PW\u00a0 &#8211; <\/span><a href=\"https:\/\/irk.pw.edu.pl\"><span style=\"color: #000000;\">https:\/\/irk.pw.edu.pl<\/span><\/a><\/strong><\/span><\/p>\n<p>Adresatami studium s\u0105 absolwenci studi\u00f3w kierunku budownictwo, architektura, transport, in\u017cynieria \u015brodowiska, ale tak\u017ce (za zgod\u0105 kierownika studi\u00f3w) absolwenci kierunk\u00f3w ekonomicznych, finansowych i prawnych &#8211; pracuj\u0105cy w budownictwie. O przyj\u0119cie na studia podyplomowe mo\u017ce ubiega\u0107 si\u0119 osoba, kt\u00f3ra posiada tytu\u0142 zawodowy magistra in\u017cyniera lub r\u00f3wnorz\u0119dny, b\u0105d\u017a tytu\u0142 zawodowy in\u017cyniera, licencjata lub r\u00f3wnorz\u0119dny, uzyskany w Polsce lub w innym pa\u0144stwie. W procesie rekrutacji w przypadku przedstawienia przez kandydata dyplomu potwierdzaj\u0105cego uko\u0144czenie studi\u00f3w za granic\u0105, stosuje si\u0119 zapisy art. 191a ustawy &#8222;Prawo o szkolnictwie wy\u017cszym&#8221; w celu stwierdzenia czy uzyskane wykszta\u0142cenie uprawnia do podj\u0119cia studi\u00f3w podyplomowych.<\/p>\n<p><strong>Warunki przyj\u0119cia<\/strong><\/p>\n<p><span style=\"color: #000000;\"><strong>O przyj\u0119ciu na studia decyduje kolejno\u015b\u0107 dostarczenia: <\/strong><\/span><\/p>\n<p><span style=\"color: #000000;\"><strong>&#8211; skanu podpisanego wniosku z systemu IRK,<\/strong><\/span><\/p>\n<p><span style=\"color: #000000;\"><strong>&#8211; kopii dyplomu uko\u0144czenia studi\u00f3w wy\u017cszych (orygina\u0142 b\u0119dzie potrzebny do potwierdzenia na I zje\u017adzie)<\/strong><\/span><\/p>\n<p><span style=\"color: #000000;\"><strong>&#8211; umowy,<\/strong><\/span><\/p>\n<p><span style=\"color: #000000;\"><strong>czyli kompletu orygina\u0142\u00f3w podpisanych dokument\u00f3w do sekretariatu studi\u00f3w. Uwaga &#8211; generowane s\u0105 umowy z osobami fizycznymi, na p\u0142atno\u015b\u0107 jednorazow\u0105 lub w maksymalnie dw\u00f3ch ratach. Umow\u0119 tr\u00f3jstronn\u0105, gdy p\u0142atnikiem jest firma, nale\u017cy pobra\u0107 z &#8222;pliku informacyjnego&#8221;. Podobnie z umow\u0105 &#8222;na dzia\u0142alno\u015b\u0107 gospodarcz\u0105&#8221;.<\/strong> <\/span><\/p>\n<p>Uczestnikami studi\u00f3w mog\u0105 by\u0107 wy\u0142\u0105cznie osoby posiadaj\u0105ce wy\u017csze wykszta\u0142cenie (co najmniej: in\u017cynierskie lub licencjackie).<\/p>\n<p>Limit miejsc: 30 os\u00f3b.<\/p>\n<p>Poniewa\u017c z do\u015bwiadczenia wiemy, \u017ce wi\u0119kszo\u015b\u0107 z Pa\u0144stwa zg\u0142asza ch\u0119\u0107 uczestnictwa w studiach na kilka dni przed zamkni\u0119ciem rekrutacji, zach\u0119camy Pa\u0144stwa do jak najwcze\u015bniejszego przesy\u0142ania dokument\u00f3w, co u\u0142atwi za\u0142atwienie niezb\u0119dnych formalno\u015bci i pozwoli unikn\u0105\u0107 rozczarowa\u0144 spowodowanych wyczerpaniem limitu miejsc.<\/p>\n<p><strong>Zapisy<\/strong><\/p>\n<p>Aby dokona\u0107 rejestracji na studia podyplomowe nale\u017cy w pierwszej kolejno\u015bci wype\u0142ni\u0107 elektroniczny wniosek o przyj\u0119cie na studia w sy<span style=\"color: #000000;\">stemie <a style=\"color: #000000;\" href=\"https:\/\/irk.pw.edu.pl\/pl\/\">IRK<\/a>, a na<\/span>st\u0119pnie dostarczy\u0107 komplet dokument\u00f3w niezb\u0119dnych do przyj\u0119cia, kt\u00f3re mo\u017cna przekaza\u0107 na jeden ze sposob\u00f3w:<\/p>\n<p>1. Przes\u0142anie poczt\u0105 lub kurierem na adres:<\/p>\n<p>dr in\u017c. Pawe\u0142 Nowak p.520<\/p>\n<p>Zak\u0142ad In\u017cynierii Produkcji i Zarz\u0105dzania w Budownictwie<br \/>\nWydzia\u0142 In\u017cynierii L\u0105dowej Politechniki Warszawskiej<br \/>\nArmii Ludowej 16<br \/>\n00-637 Warszawa<\/p>\n<p>2. Dostarczenie osobi\u015bcie &#8211; zawsze po uprzednim kontakcie mejlowym z sekretariatem studi\u00f3w:<\/p>\n<p>mgr in\u017c Marta Paska &#8211; Ob\u0142oza\u00a0 (<a href=\"mailto:marta.obloza@pw.edu.pl\">marta.obloza@pw.edu.pl<\/a>)<\/p>\n<p>e-mail: <a href=\"mailto:spzwbwil@il.pw.edu.pl\" target=\"_self\" rel=\"noopener noreferrer\">spzwb.wil@pw.edu.pl<\/a><\/p>\n<p>&nbsp;<\/p>\n<p>Prosimy wpisa\u0107 na kopercie dat\u0119 i na wszelki wypadek godzin\u0119 dostarczenia.<\/p>\n<p>A pokoje do mo\u017cliwego dostarczenia dokument\u00f3w to:<\/p>\n<p>515 &#8211; mgr in\u017c. Marta Paska &#8211; Ob\u0142oza &#8211; Sekretariat Studi\u00f3w<\/p>\n<p>504 &#8211; dr hab. in\u017c. Micha\u0142 Krzemi\u0144ski, prof. ucz. &#8211; Mened\u017cer Studi\u00f3w<\/p>\n<p>520 &#8211; dr in\u017c. Pawe\u0142 Nowak &#8211; Kierownik Studi\u00f3w<\/p>\n<p>521 &#8211; dr in\u017c. Jerzy Ros\u0142on &#8211; Asystent Studi\u00f3w<\/p>\n<p>225 &#8211; Sekretariat Instytutu<\/p>\n<p>111 &#8211; Dziekanat Wydzia\u0142u<\/p>\n<p><span style=\"color: #000000;\"><strong>oraz ca\u0142\u0105 dob\u0119 &#8211; portiernia na parterze.<\/strong><\/span><\/p>\n<p>UWAGA: Otrzymanie dokument\u00f3w potwierdzimy e-mailem lub telefonicznie.<\/p>\n<p><strong>Lista dokument\u00f3w niezb\u0119dnych do zapisania si\u0119 na studia:<\/strong><\/p>\n<ul>\n<li>wype\u0142niony wniosek elektroniczny o przyj\u0119cie na studia podyplomowe<\/li>\n<li>kopia dyplomu uko\u0144czenia studi\u00f3w wy\u017cszych (za zgodno\u015b\u0107 potwierdzimy na I zje\u017adzie)<\/li>\n<li>podpisane orygina\u0142y &#8222;Umowy o warunkach odp\u0142atno\u015bci za studia podyplomowe w Politechnice Warszawskiej&#8221;<\/li>\n<\/ul>\n<p>W przypadku dofinansowania studi\u00f3w przez Pracodawc\u0119 nale\u017cy do\u0142\u0105czy\u0107 dokument potwierdzaj\u0105cy dofinansowanie oraz jego wysoko\u015b\u0107 &#8211; &#8222;Umowa tr\u00f3jstronna&#8221; &#8211; trzy egzemplarze &#8211; pakietu informacyjnego.<\/p>\n<p>W przypadku roz\u0142o\u017cenia op\u0142aty za studia na raty dodatkowo nale\u017cy do\u0142\u0105czy\u0107 &#8222;Podanie o roz\u0142o\u017cenie op\u0142aty na raty&#8221; oraz &#8222;Umow\u0119 o warunkach odp\u0142atno\u015bci za studia podyplomowe przy p\u0142atno\u015bci roz\u0142o\u017conej na 2 raty&#8221; .<\/p>\n<p>W przypadku braku posiadania wymaganego wykszta\u0142cenia &#8222;oko\u0142o-budowlanego&#8221;, nale\u017cy do\u0142\u0105czy\u0107 &#8222;Podanie o przyj\u0119cie na studia&#8221;.<\/p>\n<p><strong>Op\u0142aty<\/strong><\/p>\n<p><span style=\"color: #ff0000;\"><span style=\"color: #000000;\">Wysoko\u015b\u0107 op\u0142aty (pe\u0142nej) za studia rozpoczynaj\u0105ce si\u0119 w RA 2025\/2026, edycja XX, wynosi 12300,00 z\u0142 (decyzja nr 115\/2025 z dnia 27 maja 2025 Rektora PW,\u00a0 uwzgl\u0119dniaj\u0105ca inflacj\u0119 w 2025 r.).\u00a0<\/span> <\/span><\/p>\n<p><a href=\"https:\/\/www.bip.pw.edu.pl\/Wewnetrzne-akty-prawne\/Dokumenty-Rektora-PW\/Decyzje-Rektora\/2025\/Decyzja-nr-115-2025-Rektora-Politechniki-Warszawskiej-z-dnia-27-maja-2025-r\"><span style=\"color: #0000ff;\">https:\/\/www.bip.pw.edu.pl\/Wewnetrzne-akty-prawne\/Dokumenty-Rektora-PW\/Decyzje-Rektora\/2025\/Decyzja-nr-115-2025-Rektora-Politechniki-Warszawskiej-z-dnia-27-maja-2025-r<\/span><\/a><\/p>\n<p><span style=\"color: #ff0000;\"><span style=\"color: #000000;\">Istnieje mo\u017cliwo\u015b\u0107 roz\u0142o\u017cenia op\u0142aty na dwie raty.\u00a0<\/span><br \/>\n<\/span><\/p>\n<p>P\u0142atno\u015bci nale\u017cy dokonywa\u0107 na rachunek bankowy wygenerowany w systemie USOS, kt\u00f3ry zosta\u0142 dla ka\u017cdego z kandydat\u00f3w wygenerowany po zarejestrowaniu przekazanej umowy (przed rozpocz\u0119ciem danej edycji).<br \/>\nW tytule p\u0142atno\u015bci prosimy zawrze\u0107 dopisek: Studia Podyplomowe SPZWB.<\/p>\n<p><span style=\"color: #000000;\"><strong>Faktury<\/strong><\/span><\/p>\n<p><span style=\"color: #ff0000;\"><span style=\"color: #000000;\">Zapytania odno\u015bnie wystawiania faktur VAT prosimy kierowa\u0107 na adres e-mail:<\/span><span style=\"color: #3366ff;\">\u00a0<\/span><a href=\"mailto:anna.blaszczyk@pw.edu.pl\">anna.blaszczyk@pw.edu.pl<\/a> lub\u00a0 <a href=\"mailto:marta.obloza@pw.edu.pl\">marta.obloza@pw.edu.pl<\/a><br \/>\n<\/span><\/p>\n","protected":false},"excerpt":{"rendered":"<p>SZANOWNI\u00a0 PA\u0143STWO, Uprzejmie prosimy o zg\u0142oszenia mejlem oraz rekrutacj\u0119 na edycj\u0119 XX rok 2026 z wykorzystaniem dokument\u00f3w z PAKIETU INFORMACYJNEGO* (link do dokument\u00f3w NA ROK 2026). * wzory um\u00f3w indywidualnych w pakiecie &#8211; do wgl\u0105du, umowy s\u0105 generowane w systemie USOS po rejestracji i przyj\u0119ciu na studia (umowy tr\u00f3jstronne oraz na dzia\u0142alno\u015b\u0107 gospodarcz\u0105 nale\u017cy pobra\u0107 [&hellip;]<\/p>\n","protected":false},"author":1,"featured_media":0,"parent":0,"menu_order":0,"comment_status":"closed","ping_status":"closed","template":"","meta":{"footnotes":""},"class_list":["post-9","page","type-page","status-publish","hentry"],"_links":{"self":[{"href":"https:\/\/www.spzwb.il.pw.edu.pl\/index.php\/wp-json\/wp\/v2\/pages\/9","targetHints":{"allow":["GET"]}}],"collection":[{"href":"https:\/\/www.spzwb.il.pw.edu.pl\/index.php\/wp-json\/wp\/v2\/pages"}],"about":[{"href":"https:\/\/www.spzwb.il.pw.edu.pl\/index.php\/wp-json\/wp\/v2\/types\/page"}],"author":[{"embeddable":true,"href":"https:\/\/www.spzwb.il.pw.edu.pl\/index.php\/wp-json\/wp\/v2\/users\/1"}],"replies":[{"embeddable":true,"href":"https:\/\/www.spzwb.il.pw.edu.pl\/index.php\/wp-json\/wp\/v2\/comments?post=9"}],"version-history":[{"count":95,"href":"https:\/\/www.spzwb.il.pw.edu.pl\/index.php\/wp-json\/wp\/v2\/pages\/9\/revisions"}],"predecessor-version":[{"id":1472,"href":"https:\/\/www.spzwb.il.pw.edu.pl\/index.php\/wp-json\/wp\/v2\/pages\/9\/revisions\/1472"}],"wp:attachment":[{"href":"https:\/\/www.spzwb.il.pw.edu.pl\/index.php\/wp-json\/wp\/v2\/media?parent=9"}],"curies":[{"name":"wp","href":"https:\/\/api.w.org\/{rel}","templated":true}]}}